{"id":838,"date":"2023-02-20T11:50:24","date_gmt":"2023-02-20T09:50:24","guid":{"rendered":"https:\/\/vp.ancimicamteo.com\/?page_id=838"},"modified":"2023-12-23T13:21:55","modified_gmt":"2023-12-23T10:21:55","slug":"invata-contabilitate-cu-saga-c","status":"publish","type":"page","link":"https:\/\/vp.ancimicamteo.com\/","title":{"rendered":"\u00cenva\u021b\u0103 contabilitate cu SAGA C"},"content":{"rendered":"\n<h2 class=\"wp-block-heading has-black-color has-text-color has-medium-font-size\">Cum po\u021bi \u00eenv\u0103\u021ba s\u0103 lucrezi singur cu SAGA C, ca s\u0103 \u021bii eviden\u021ba contabil\u0103<\/h2>\n\n\n\n<p class=\"has-text-align-center\">24 de pa\u0219i pe parcursul c\u0103rora te voi \u00eenv\u0103\u021ba cum s\u0103 \u021bii o eviden\u021b\u0103 contabil\u0103,<br>pornind de la zero \u0219i p\u00e2n\u0103 la a completa \u0219i depune bilan\u021bul contabil<\/p>\n\n\n\n<div class=\"wp-block-uagb-container uagb-block-e3657199 alignfull uagb-is-root-container\"><div class=\"uagb-container-inner-blocks-wrap\">\n<div class=\"wp-block-uagb-icon-list uagb-block-dc865b7a\"><div class=\"uagb-icon-list__wrap\">\n<div class=\"wp-block-uagb-icon-list-child uagb-block-f4188e06\"><span class=\"uagb-icon-list__source-wrap\"><svg xmlns=\"https:\/\/www.w3.org\/2000\/svg\" viewBox=\"0 0 512 512\"><path d=\"M256 0C114.6 0 0 114.6 0 256c0 141.4 114.6 256 256 256s256-114.6 256-256C512 114.6 397.4 0 256 0zM406.6 278.6l-103.1 103.1c-12.5 12.5-32.75 12.5-45.25 0s-12.5-32.75 0-45.25L306.8 288H128C110.3 288 96 273.7 96 256s14.31-32 32-32h178.8l-49.38-49.38c-12.5-12.5-12.5-32.75 0-45.25s32.75-12.5 45.25 0l103.1 103.1C414.6 241.3 416 251.1 416 256C416 260.9 414.6 270.7 406.6 278.6z\"><\/path><\/svg><\/span><span class=\"uagb-icon-list__label\">Chiar vrei s\u0103 \u0219tii care este cel mai valoros sfat pe care \u00eel am pentru oricine caut\u0103 s\u0103 duc\u0103 o via\u021b\u0103 de succes ca antreprenor, consultant sau contabil?<\/span><\/div>\n\n\n\n<div class=\"wp-block-uagb-icon-list-child uagb-block-b4ad532f\"><span class=\"uagb-icon-list__source-wrap\"><svg xmlns=\"https:\/\/www.w3.org\/2000\/svg\" viewBox=\"0 0 512 512\"><path d=\"M256 0C114.6 0 0 114.6 0 256c0 141.4 114.6 256 256 256s256-114.6 256-256C512 114.6 397.4 0 256 0zM406.6 278.6l-103.1 103.1c-12.5 12.5-32.75 12.5-45.25 0s-12.5-32.75 0-45.25L306.8 288H128C110.3 288 96 273.7 96 256s14.31-32 32-32h178.8l-49.38-49.38c-12.5-12.5-12.5-32.75 0-45.25s32.75-12.5 45.25 0l103.1 103.1C414.6 241.3 416 251.1 416 256C416 260.9 414.6 270.7 406.6 278.6z\"><\/path><\/svg><\/span><span class=\"uagb-icon-list__label\">S\u0103 ai un plan cu repere clare c\u0103tre succes, bazat pe strategii care s-au dovedit a func\u021biona \u0219i s\u0103 treci efectiv la ac\u021biune.<\/span><\/div>\n\n\n\n<div class=\"wp-block-uagb-icon-list-child uagb-block-d12bbc6a\"><span class=\"uagb-icon-list__source-wrap\"><svg xmlns=\"https:\/\/www.w3.org\/2000\/svg\" viewBox=\"0 0 512 512\"><path d=\"M256 0C114.6 0 0 114.6 0 256c0 141.4 114.6 256 256 256s256-114.6 256-256C512 114.6 397.4 0 256 0zM406.6 278.6l-103.1 103.1c-12.5 12.5-32.75 12.5-45.25 0s-12.5-32.75 0-45.25L306.8 288H128C110.3 288 96 273.7 96 256s14.31-32 32-32h178.8l-49.38-49.38c-12.5-12.5-12.5-32.75 0-45.25s32.75-12.5 45.25 0l103.1 103.1C414.6 241.3 416 251.1 416 256C416 260.9 414.6 270.7 406.6 278.6z\"><\/path><\/svg><\/span><span class=\"uagb-icon-list__label\">S\u0103 nu faci nimic, s\u0103 te \u00eentrebi despre asta \u0219i s\u0103 te g\u00e2nde\u0219ti la asta &#8211; nu te va duce niciodat\u0103 \u00eenainte.<\/span><\/div>\n<\/div><\/div>\n\n\n\n<div class=\"wp-block-uagb-call-to-action uagb-block-efbc0f44 wp-block-button\"><div class=\"uagb-cta__wrap\"><h3 class=\"uagb-cta__title\">Acum este momentul!<\/h3><p class=\"uagb-cta__desc\">Chiar \u0219i cel mai mic pas \u00eenainte este un progresul &#8211; \u0219i cred c\u0103 ast\u0103zi este ziua \u00een care s\u0103 o faci (\u0219i acesta este un loc minunat de a \u00eencepe schimbarea ta):<br>Comand\u0103 acum pentru a ob\u021bine cursul \u201e\u00cenva\u021b\u0103 contabilitate cu SAGA C, \u00een 24 de pa\u0219i\u201d<\/p><\/div><div class=\"uagb-cta__buttons\"><a href=\"https:\/\/vp.ancimicamteo.com\/?page_id=96\" class=\"uagb-cta__button-link-wrapper wp-block-button__link\" target=\"_blank\" rel=\"noopener noreferrer\">COMAND\u0102 ACUM<svg xmlns=\"https:\/\/www.w3.org\/2000\/svg\" viewBox=\"0 0 512 512\"><path d=\"M504.3 273.6l-112.1 104c-6.992 6.484-17.18 8.218-25.94 4.406c-8.758-3.812-14.42-12.45-14.42-21.1L351.9 288H32C14.33 288 .0002 273.7 .0002 255.1S14.33 224 32 224h319.9l0-72c0-9.547 5.66-18.19 14.42-22c8.754-3.809 18.95-2.075 25.94 4.41l112.1 104C514.6 247.9 514.6 264.1 504.3 273.6z\"><\/path><\/svg><\/a><\/div><\/div>\n\n\n\n<div class=\"wp-block-uagb-container uagb-block-b9732a46\">\n<div class=\"wp-block-columns is-layout-flex wp-container-core-columns-is-layout-1 wp-block-columns-is-layout-flex\">\n<div class=\"wp-block-column is-vertically-aligned-center is-layout-flow wp-block-column-is-layout-flow\" style=\"flex-basis:50%\">\n<figure class=\"wp-block-image size-large\"><img loading=\"lazy\" decoding=\"async\" width=\"1024\" height=\"785\" src=\"https:\/\/vp.ancimicamteo.com\/wp-content\/uploads\/2022\/04\/1648927317-1024x785.png\" alt=\"\" class=\"wp-image-20\" srcset=\"https:\/\/vp.ancimicamteo.com\/wp-content\/uploads\/2022\/04\/1648927317-1024x785.png 1024w, https:\/\/vp.ancimicamteo.com\/wp-content\/uploads\/2022\/04\/1648927317-300x230.png 300w, https:\/\/vp.ancimicamteo.com\/wp-content\/uploads\/2022\/04\/1648927317-768x589.png 768w, https:\/\/vp.ancimicamteo.com\/wp-content\/uploads\/2022\/04\/1648927317.png 1500w\" sizes=\"auto, (max-width: 1024px) 100vw, 1024px\" \/><\/figure>\n<\/div>\n\n\n\n<div class=\"wp-block-column is-layout-flow wp-block-column-is-layout-flow\" style=\"flex-basis:50%\">\n<h3 class=\"wp-block-heading\">Iat\u0103 de ce recomand acest curs:<\/h3>\n\n\n\n<div class=\"wp-block-uagb-icon-list uagb-block-8b19a94a\"><div class=\"uagb-icon-list__wrap\">\n<div class=\"wp-block-uagb-icon-list-child uagb-block-caff96d2\"><span class=\"uagb-icon-list__source-wrap\"><svg xmlns=\"https:\/\/www.w3.org\/2000\/svg\" viewBox=\"0 0 512 512\"><path d=\"M256 0C114.6 0 0 114.6 0 256c0 141.4 114.6 256 256 256s256-114.6 256-256C512 114.6 397.4 0 256 0zM406.6 278.6l-103.1 103.1c-12.5 12.5-32.75 12.5-45.25 0s-12.5-32.75 0-45.25L306.8 288H128C110.3 288 96 273.7 96 256s14.31-32 32-32h178.8l-49.38-49.38c-12.5-12.5-12.5-32.75 0-45.25s32.75-12.5 45.25 0l103.1 103.1C414.6 241.3 416 251.1 416 256C416 260.9 414.6 270.7 406.6 278.6z\"><\/path><\/svg><\/span><span class=\"uagb-icon-list__label\">Vei \u00eenv\u0103\u021ba s\u0103 \u021bii o eviden\u021b\u0103 contabil\u0103 \u00eencep\u00e2nd cu \u00eenfiin\u021barea firmei tale \u0219i continu\u00e2nd pe parcursul unui an \u00eentreg<\/span><\/div>\n\n\n\n<div class=\"wp-block-uagb-icon-list-child uagb-block-0b553744\"><span class=\"uagb-icon-list__source-wrap\"><svg xmlns=\"https:\/\/www.w3.org\/2000\/svg\" viewBox=\"0 0 512 512\"><path d=\"M256 0C114.6 0 0 114.6 0 256c0 141.4 114.6 256 256 256s256-114.6 256-256C512 114.6 397.4 0 256 0zM406.6 278.6l-103.1 103.1c-12.5 12.5-32.75 12.5-45.25 0s-12.5-32.75 0-45.25L306.8 288H128C110.3 288 96 273.7 96 256s14.31-32 32-32h178.8l-49.38-49.38c-12.5-12.5-12.5-32.75 0-45.25s32.75-12.5 45.25 0l103.1 103.1C414.6 241.3 416 251.1 416 256C416 260.9 414.6 270.7 406.6 278.6z\"><\/path><\/svg><\/span><span class=\"uagb-icon-list__label\">Vei \u00eenv\u0103\u021ba s\u0103 folose\u0219ti aplica\u021bia SAGA C \u00een paralel cu \u00eenregistrarea documentelor contabile, lun\u0103 de lun\u0103<\/span><\/div>\n\n\n\n<div class=\"wp-block-uagb-icon-list-child uagb-block-be526465\"><span class=\"uagb-icon-list__source-wrap\"><svg xmlns=\"https:\/\/www.w3.org\/2000\/svg\" viewBox=\"0 0 512 512\"><path d=\"M256 0C114.6 0 0 114.6 0 256c0 141.4 114.6 256 256 256s256-114.6 256-256C512 114.6 397.4 0 256 0zM406.6 278.6l-103.1 103.1c-12.5 12.5-32.75 12.5-45.25 0s-12.5-32.75 0-45.25L306.8 288H128C110.3 288 96 273.7 96 256s14.31-32 32-32h178.8l-49.38-49.38c-12.5-12.5-12.5-32.75 0-45.25s32.75-12.5 45.25 0l103.1 103.1C414.6 241.3 416 251.1 416 256C416 260.9 414.6 270.7 406.6 278.6z\"><\/path><\/svg><\/span><span class=\"uagb-icon-list__label\">Vei \u00eenv\u0103\u021ba s\u0103 cite\u0219ti, s\u0103 analizezi \u0219i s\u0103 interpretezi datele din balan\u021ba de verificare<\/span><\/div>\n\n\n\n<div class=\"wp-block-uagb-icon-list-child uagb-block-11d3491b\"><span class=\"uagb-icon-list__source-wrap\"><svg xmlns=\"https:\/\/www.w3.org\/2000\/svg\" viewBox=\"0 0 512 512\"><path d=\"M256 0C114.6 0 0 114.6 0 256c0 141.4 114.6 256 256 256s256-114.6 256-256C512 114.6 397.4 0 256 0zM406.6 278.6l-103.1 103.1c-12.5 12.5-32.75 12.5-45.25 0s-12.5-32.75 0-45.25L306.8 288H128C110.3 288 96 273.7 96 256s14.31-32 32-32h178.8l-49.38-49.38c-12.5-12.5-12.5-32.75 0-45.25s32.75-12.5 45.25 0l103.1 103.1C414.6 241.3 416 251.1 416 256C416 260.9 414.6 270.7 406.6 278.6z\"><\/path><\/svg><\/span><span class=\"uagb-icon-list__label\">Vei \u00eenv\u0103\u021ba s\u0103 urm\u0103re\u0219ti evolu\u021bia finaciar\u0103 a firmei, lun\u0103 de lun\u0103<\/span><\/div>\n\n\n\n<div class=\"wp-block-uagb-icon-list-child uagb-block-2f2015b9\"><span class=\"uagb-icon-list__source-wrap\"><svg xmlns=\"https:\/\/www.w3.org\/2000\/svg\" viewBox=\"0 0 512 512\"><path d=\"M256 0C114.6 0 0 114.6 0 256c0 141.4 114.6 256 256 256s256-114.6 256-256C512 114.6 397.4 0 256 0zM406.6 278.6l-103.1 103.1c-12.5 12.5-32.75 12.5-45.25 0s-12.5-32.75 0-45.25L306.8 288H128C110.3 288 96 273.7 96 256s14.31-32 32-32h178.8l-49.38-49.38c-12.5-12.5-12.5-32.75 0-45.25s32.75-12.5 45.25 0l103.1 103.1C414.6 241.3 416 251.1 416 256C416 260.9 414.6 270.7 406.6 278.6z\"><\/path><\/svg><\/span><span class=\"uagb-icon-list__label\">Vei \u00eenv\u0103\u021ba cum s\u0103 corectezi erorile care pot apare pe parcursul activit\u0103\u021bii<\/span><\/div>\n\n\n\n<div class=\"wp-block-uagb-icon-list-child uagb-block-980c7c04\"><span class=\"uagb-icon-list__source-wrap\"><svg xmlns=\"https:\/\/www.w3.org\/2000\/svg\" viewBox=\"0 0 512 512\"><path d=\"M256 0C114.6 0 0 114.6 0 256c0 141.4 114.6 256 256 256s256-114.6 256-256C512 114.6 397.4 0 256 0zM406.6 278.6l-103.1 103.1c-12.5 12.5-32.75 12.5-45.25 0s-12.5-32.75 0-45.25L306.8 288H128C110.3 288 96 273.7 96 256s14.31-32 32-32h178.8l-49.38-49.38c-12.5-12.5-12.5-32.75 0-45.25s32.75-12.5 45.25 0l103.1 103.1C414.6 241.3 416 251.1 416 256C416 260.9 414.6 270.7 406.6 278.6z\"><\/path><\/svg><\/span><span class=\"uagb-icon-list__label\">Vei \u00eenv\u0103\u021ba s\u0103 completezi, s\u0103 verifici \u0219i s\u0103 depui bilan\u021bul contabil<\/span><\/div>\n<\/div><\/div>\n<\/div>\n<\/div>\n<\/div>\n\n\n\n<p class=\"has-text-align-center\"><strong><mark style=\"background-color:rgba(0, 0, 0, 0)\" class=\"has-inline-color has-vivid-red-color\">Ofet\u0103 special\u0103.<\/mark><\/strong><\/p>\n<\/div><\/div>\n\n\n\n<div class=\"wp-block-uagb-container uagb-block-c34486e1 alignfull uagb-is-root-container\"><div class=\"uagb-container-inner-blocks-wrap\">\n<div class=\"wp-block-uagb-container uagb-block-966353fe\">\n<h2 class=\"wp-block-heading\">DETALII:<\/h2>\n\n\n\n<div class=\"wp-block-uagb-icon-list uagb-block-d995dffc\"><div class=\"uagb-icon-list__wrap\">\n<div class=\"wp-block-uagb-icon-list-child uagb-block-09d0276f\"><span class=\"uagb-icon-list__source-wrap\"><svg xmlns=\"https:\/\/www.w3.org\/2000\/svg\" viewBox=\"0 0 512 512\"><path d=\"M256 0C114.6 0 0 114.6 0 256c0 141.4 114.6 256 256 256s256-114.6 256-256C512 114.6 397.4 0 256 0zM406.6 278.6l-103.1 103.1c-12.5 12.5-32.75 12.5-45.25 0s-12.5-32.75 0-45.25L306.8 288H128C110.3 288 96 273.7 96 256s14.31-32 32-32h178.8l-49.38-49.38c-12.5-12.5-12.5-32.75 0-45.25s32.75-12.5 45.25 0l103.1 103.1C414.6 241.3 416 251.1 416 256C416 260.9 414.6 270.7 406.6 278.6z\"><\/path><\/svg><\/span><span class=\"uagb-icon-list__label\">Format: A4<\/span><\/div>\n\n\n\n<div class=\"wp-block-uagb-icon-list-child uagb-block-d419b0f3\"><span class=\"uagb-icon-list__source-wrap\"><svg xmlns=\"https:\/\/www.w3.org\/2000\/svg\" viewBox=\"0 0 512 512\"><path d=\"M256 0C114.6 0 0 114.6 0 256c0 141.4 114.6 256 256 256s256-114.6 256-256C512 114.6 397.4 0 256 0zM406.6 278.6l-103.1 103.1c-12.5 12.5-32.75 12.5-45.25 0s-12.5-32.75 0-45.25L306.8 288H128C110.3 288 96 273.7 96 256s14.31-32 32-32h178.8l-49.38-49.38c-12.5-12.5-12.5-32.75 0-45.25s32.75-12.5 45.25 0l103.1 103.1C414.6 241.3 416 251.1 416 256C416 260.9 414.6 270.7 406.6 278.6z\"><\/path><\/svg><\/span><span class=\"uagb-icon-list__label\">Pagini: 236 &#8211; color<\/span><\/div>\n\n\n\n<div class=\"wp-block-uagb-icon-list-child uagb-block-f6329122\"><span class=\"uagb-icon-list__source-wrap\"><svg xmlns=\"https:\/\/www.w3.org\/2000\/svg\" viewBox=\"0 0 512 512\"><path d=\"M256 0C114.6 0 0 114.6 0 256c0 141.4 114.6 256 256 256s256-114.6 256-256C512 114.6 397.4 0 256 0zM406.6 278.6l-103.1 103.1c-12.5 12.5-32.75 12.5-45.25 0s-12.5-32.75 0-45.25L306.8 288H128C110.3 288 96 273.7 96 256s14.31-32 32-32h178.8l-49.38-49.38c-12.5-12.5-12.5-32.75 0-45.25s32.75-12.5 45.25 0l103.1 103.1C414.6 241.3 416 251.1 416 256C416 260.9 414.6 270.7 406.6 278.6z\"><\/path><\/svg><\/span><span class=\"uagb-icon-list__label\">Anul apari\u021biei: 2022<\/span><\/div>\n\n\n\n<div class=\"wp-block-uagb-icon-list-child uagb-block-50596e20\"><span class=\"uagb-icon-list__source-wrap\"><svg xmlns=\"https:\/\/www.w3.org\/2000\/svg\" viewBox=\"0 0 512 512\"><path d=\"M256 0C114.6 0 0 114.6 0 256c0 141.4 114.6 256 256 256s256-114.6 256-256C512 114.6 397.4 0 256 0zM406.6 278.6l-103.1 103.1c-12.5 12.5-32.75 12.5-45.25 0s-12.5-32.75 0-45.25L306.8 288H128C110.3 288 96 273.7 96 256s14.31-32 32-32h178.8l-49.38-49.38c-12.5-12.5-12.5-32.75 0-45.25s32.75-12.5 45.25 0l103.1 103.1C414.6 241.3 416 251.1 416 256C416 260.9 414.6 270.7 406.6 278.6z\"><\/path><\/svg><\/span><span class=\"uagb-icon-list__label\">Include: CD<\/span><\/div>\n<\/div><\/div>\n<\/div>\n\n\n\n<div class=\"wp-block-uagb-container uagb-block-4185ba70\"><\/div>\n\n\n\n<div class=\"wp-block-uagb-container uagb-block-b153fe9e\">\n<div class=\"wp-block-columns is-layout-flex wp-container-core-columns-is-layout-2 wp-block-columns-is-layout-flex\">\n<div class=\"wp-block-column is-layout-flow wp-block-column-is-layout-flow\" style=\"flex-basis:100%\">\n<div class=\"wp-block-coblocks-pricing-table has-text-align-center\"><div class=\"wp-block-coblocks-pricing-table__inner has-1-columns has-small-gutter\">\n<div class=\"wp-block-coblocks-pricing-table-item has-text-color has-vivid-red-color\"><span class=\"wp-block-coblocks-pricing-table-item__title\">PRE\u021a<\/span><div class=\"wp-block-coblocks-pricing-table-item__price-wrapper\"><span class=\"wp-block-coblocks-pricing-table-item__currency\">lei<\/span><span class=\"wp-block-coblocks-pricing-table-item__amount\">397<\/span><\/div>\n<ul class=\"wp-block-coblocks-pricing-table-item__features\">\n<li><\/li>\n<\/ul>\n\n\n\n<div class=\"wp-block-button\"><a class=\"wp-block-button__link has-white-color has-vivid-cyan-blue-background-color has-text-color has-background wp-element-button\" href=\"https:\/\/vp.ancimicamteo.com\/?page_id=96\" target=\"_blank\" rel=\"noreferrer noopener\">Comand\u0103 acum<\/a><\/div>\n<\/div>\n<\/div><\/div>\n<\/div>\n<\/div>\n<\/div>\n<\/div><\/div>\n\n\n\n<div class=\"wp-block-uagb-container uagb-block-de162a15 alignfull uagb-is-root-container\"><div class=\"uagb-container-inner-blocks-wrap\"><\/div><\/div>\n\n\n\n<div style=\"height:24px\" aria-hidden=\"true\" class=\"wp-block-spacer\"><\/div>\n\n\n\n<div class=\"wp-block-uagb-marketing-button uagb-marketing-btn__align-center uagb-marketing-btn__align-text-center uagb-marketing-btn__icon-after uagb-block-6dc56fc3 wp-block-button\"><a href=\"https:\/\/vp.ancimicamteo.com\/?page_id=96\" class=\"uagb-marketing-btn__link wp-block-button__link\" target=\"\" rel=\"noopener noreferrer\"><span class=\"uagb-marketing-btn__title\">COMAND\u0102 ACUM<\/span><svg xmlns=\"https:\/\/www.w3.org\/2000\/svg\" viewBox=\"0 0 512 512\"><path d=\"M384 320c-17.67 0-32 14.33-32 32v96H64V160h96c17.67 0 32-14.32 32-32s-14.33-32-32-32L64 96c-35.35 0-64 28.65-64 64V448c0 35.34 28.65 64 64 64h288c35.35 0 64-28.66 64-64v-96C416 334.3 401.7 320 384 320zM488 0H352c-12.94 0-24.62 7.797-29.56 19.75c-4.969 11.97-2.219 25.72 6.938 34.88L370.8 96L169.4 297.4c-12.5 12.5-12.5 32.75 0 45.25C175.6 348.9 183.8 352 192 352s16.38-3.125 22.62-9.375L416 141.3l41.38 41.38c9.156 9.141 22.88 11.84 34.88 6.938C504.2 184.6 512 172.9 512 160V24C512 10.74 501.3 0 488 0z\"><\/path><\/svg><p class=\"uagb-marketing-btn__prefix\">Ai trei variante:<br>s\u0103 nu faci nimic<br>s\u0103 cau\u021bi singur pe internet sau<br>s\u0103 alegi metoda pe care \u021bi-o recomand<\/p><\/a><\/div>\n\n\n\n<div class=\"wp-block-uagb-container uagb-block-2c17a402 alignfull uagb-is-root-container\"><div class=\"uagb-container-inner-blocks-wrap\">\n<div class=\"wp-block-uagb-testimonial uagb-slick-carousel uagb-tm__arrow-outside uagb-block-a21f119e\"><div class=\"is-carousel uagb-tm__columns-1 uagb-tm__items\"><div class=\"uagb-testimonial__wrap  uagb-tm__imgicon-style-circle uagb-tm__image-position-bottom uagb-tm__bg-type-none \"><div class=\"uagb-tm__content\"><div class=\"uagb-tm__overlay\"><\/div><div class=\"uagb-tm__text-wrap\"><div class=\"uagb-tm__desc\">Tutorialul dvs. ne-a fost de mare ajutor, mul\u021bumim mult.<br>De \u0219i mai mare ajutor ne este manualul \u201e\u00cenva\u021b\u0103 contabilitate cu SAGA\u201d, pe care l-am cump\u0103rat de la dvs. \u00een urm\u0103 cu c\u00e2teva s\u0103pt\u0103m\u00e2ni.<br>V\u0103 mul\u021bumesc mult. Sunte\u021bi un om deosebit, greu de int\u00e2lnit ast\u0103zi.<\/div><div class=\"uagb-tm__meta-inner\"><div class=\"uagb-testimonial-details\"><span class=\"uagb-tm__author-name\">Ion M. <\/span><span class=\"uagb-tm__company\"><\/span><\/div><\/div><\/div><\/div><\/div><div class=\"uagb-testimonial__wrap  uagb-tm__imgicon-style-circle uagb-tm__image-position-bottom uagb-tm__bg-type-none \"><div class=\"uagb-tm__content\"><div class=\"uagb-tm__overlay\"><\/div><div class=\"uagb-tm__text-wrap\"><div class=\"uagb-tm__desc\">Mul\u021bumesc. Sunt mul\u021bumit\u0103 de ,,Curs de contabilitate\u201d.<br>M\u0103 intereseaz\u0103 \u0219i alte nout\u0103\u021bi \u00een contabilitate. Dac\u0103 ave\u021bi \u0219i alte cursuri contacta\u021bi-m\u0103. \u00cenv\u0103\u021b cu drag cursul pe care l-am cump\u0103rat. Cursul este detaliat \u0219i pe \u00een\u021belesul tuturor.<\/div><div class=\"uagb-tm__meta-inner\"><div class=\"uagb-testimonial-details\"><span class=\"uagb-tm__author-name\">Claudia P. <\/span><span class=\"uagb-tm__company\"><\/span><\/div><\/div><\/div><\/div><\/div><div class=\"uagb-testimonial__wrap  uagb-tm__imgicon-style-circle uagb-tm__image-position-bottom uagb-tm__bg-type-none \"><div class=\"uagb-tm__content\"><div class=\"uagb-tm__overlay\"><\/div><div class=\"uagb-tm__text-wrap\"><div class=\"uagb-tm__desc\">Vreau s\u0103 v\u0103 mul\u021bumesc frumos pentru acest manual \u0219i lec\u021biile Saga C.<br>Sunt de mare ajutor pentru mine, care m-am \u00eentors de 2 ani acas\u0103 \u00een Rom\u00e2nia dup\u0103 19 ani de studiat \u0219i muncit la Londra la Universitatea Regina Maria \u00een Departamentul de Finan\u021be al Facult\u0103\u021bii de Medicin\u0103 \u0219i Stomatologie unde mi-am petrecut anii cei mai frumo\u0219i lucr\u00e2nd cu oameni minuna\u021bi.<br>Dintr-un motiv foarte personal m-am \u00eentors \u0219i \u00eenv\u0103\u021b contabilitate \u00een Rom\u00e2nia de la 0. \u00cen plus, sunt acuma \u00een anul 2 de facultate \u0219i disciplina cea mai important\u0103 este contabilitatea.<br>V\u0103 multumesc frumos pentru toate sfaturile pre\u021bioase pe care ni le da\u021bi prin articolele dvs.<br><\/div><div class=\"uagb-tm__meta-inner\"><div class=\"uagb-testimonial-details\"><span class=\"uagb-tm__author-name\">Maria I.<\/span><span class=\"uagb-tm__company\"><\/span><\/div><\/div><\/div><\/div><\/div><div class=\"uagb-testimonial__wrap  uagb-tm__imgicon-style-circle uagb-tm__image-position-bottom uagb-tm__bg-type-none \"><div class=\"uagb-tm__content\"><div class=\"uagb-tm__overlay\"><\/div><div class=\"uagb-tm__text-wrap\"><div class=\"uagb-tm__desc\">Bun\u0103 ziua! Am primit coletul. V\u0103 mul\u021bumesc din suflet pentru faptul ca v-a\u021bi g\u00e2ndit s\u0103 ne ajuta\u021bi \u00een felul acesta. Cursul \u201e\u00cenva\u021b\u0103 contabilitate cu Saga C\u201d \u00eemi va fi de foarte mare ajutor. Este foarte bine structurat. S\u0103\u0103rb\u0103tori Pascale binecuv\u00e2ntate!<\/div><div class=\"uagb-tm__meta-inner\"><div class=\"uagb-testimonial-details\"><span class=\"uagb-tm__author-name\">Claudia S.<\/span><span class=\"uagb-tm__company\">Company Name<\/span><\/div><\/div><\/div><\/div><\/div><\/div><\/div>\n<\/div><\/div>\n\n\n\n<div class=\"wp-block-uagb-container uagb-block-3ae249b7 alignfull uagb-is-root-container\"><div class=\"uagb-container-inner-blocks-wrap\">\n<div class=\"wp-block-uagb-container uagb-block-9590b3fe\">\n<div class=\"wp-block-uagb-info-box uagb-block-e9fc823e uagb-infobox__content-wrap  uagb-infobox-icon-above-title uagb-infobox-image-valign-top\"><div class=\"uagb-ifb-content\"><div class=\"uagb-ifb-icon-wrap\"><svg xmlns=\"https:\/\/www.w3.org\/2000\/svg\" viewBox=\"0 0 512 512\"><path d=\"M0 256C0 114.6 114.6 0 256 0C397.4 0 512 114.6 512 256C512 397.4 397.4 512 256 512C114.6 512 0 397.4 0 256zM371.8 211.8C382.7 200.9 382.7 183.1 371.8 172.2C360.9 161.3 343.1 161.3 332.2 172.2L224 280.4L179.8 236.2C168.9 225.3 151.1 225.3 140.2 236.2C129.3 247.1 129.3 264.9 140.2 275.8L204.2 339.8C215.1 350.7 232.9 350.7 243.8 339.8L371.8 211.8z\"><\/path><\/svg><\/div><div class=\"uagb-ifb-title-wrap\"><h3 class=\"uagb-ifb-title\">Contact<\/h3><\/div><p class=\"uagb-ifb-desc\">Pentru informa\u021bii suplimentare pute\u021bi scrie la adresa de email:<br>contact @ vp.ancimicamteo.com<br><br>Alegerea este a ta!<br>Mergi \u00eenainte sau nu face\u021bi nimic.<\/p><\/div><\/div>\n\n\n\n<div class=\"wp-block-uagb-buttons uagb-buttons__outer-wrap uagb-btn__default-btn uagb-btn-tablet__default-btn uagb-btn-mobile__default-btn uagb-block-6e2c79ea\"><div class=\"uagb-buttons__wrap uagb-buttons-layout-wrap\">\n<div class=\"wp-block-uagb-buttons-child uagb-buttons__outer-wrap uagb-block-9cb889b1 wp-block-button\"><div class=\"uagb-button__wrapper\"><a class=\"uagb-buttons-repeater wp-block-button__link\" href=\"https:\/\/vp.ancimicamteo.com\/?page_id=96\" onclick=\"return true;\" rel=\"follow noopener\" target=\"_blank\"><div class=\"uagb-button__link\">COMAND\u0102 ACUM<\/div><\/a><\/div><\/div>\n<\/div><\/div>\n<\/div>\n<\/div><\/div>\n","protected":false},"excerpt":{"rendered":"<p>Cum po\u021bi \u00eenv\u0103\u021ba s\u0103 lucrezi singur cu SAGA C, ca s\u0103 \u021bii eviden\u021ba contabil\u0103 24 de pa\u0219i pe parcursul c\u0103rora te voi \u00eenv\u0103\u021ba cum s\u0103 \u021bii o eviden\u021b\u0103 contabil\u0103,pornind de la zero \u0219i p\u00e2n\u0103 la a completa \u0219i depune bilan\u021bul contabil Iat\u0103 de ce recomand &hellip; <\/p>\n","protected":false},"author":1,"featured_media":0,"parent":0,"menu_order":0,"comment_status":"closed","ping_status":"closed","template":"","meta":{"_coblocks_attr":"","_coblocks_dimensions":"","_coblocks_responsive_height":"","_coblocks_accordion_ie_support":"","_uag_custom_page_level_css":"","footnotes":""},"class_list":["post-838","page","type-page","status-publish","hentry"],"uagb_featured_image_src":{"full":false,"thumbnail":false,"medium":false,"medium_large":false,"large":false,"1536x1536":false,"2048x2048":false,"book-landing-page-with-sidebar":false,"book-landing-page-without-sidebar":false,"book-landing-page-featured-post":false,"book-landing-page-recent-post":false,"book-landing-page-banner-image":false,"book-landing-page-about-block":false,"book-landing-page-review-block":false},"uagb_author_info":{"display_name":"sinfo","author_link":"https:\/\/vp.ancimicamteo.com\/?author=1"},"uagb_comment_info":0,"uagb_excerpt":"Cum po\u021bi \u00eenv\u0103\u021ba s\u0103 lucrezi singur cu SAGA C, ca s\u0103 \u021bii eviden\u021ba contabil\u0103 24 de pa\u0219i pe parcursul c\u0103rora te voi \u00eenv\u0103\u021ba cum s\u0103 \u021bii o eviden\u021b\u0103 contabil\u0103,pornind de la zero \u0219i p\u00e2n\u0103 la a completa \u0219i depune bilan\u021bul contabil Iat\u0103 de ce recomand &hellip;","_links":{"self":[{"href":"https:\/\/vp.ancimicamteo.com\/index.php?rest_route=\/wp\/v2\/pages\/838","targetHints":{"allow":["GET"]}}],"collection":[{"href":"https:\/\/vp.ancimicamteo.com\/index.php?rest_route=\/wp\/v2\/pages"}],"about":[{"href":"https:\/\/vp.ancimicamteo.com\/index.php?rest_route=\/wp\/v2\/types\/page"}],"author":[{"embeddable":true,"href":"https:\/\/vp.ancimicamteo.com\/index.php?rest_route=\/wp\/v2\/users\/1"}],"replies":[{"embeddable":true,"href":"https:\/\/vp.ancimicamteo.com\/index.php?rest_route=%2Fwp%2Fv2%2Fcomments&post=838"}],"version-history":[{"count":54,"href":"https:\/\/vp.ancimicamteo.com\/index.php?rest_route=\/wp\/v2\/pages\/838\/revisions"}],"predecessor-version":[{"id":994,"href":"https:\/\/vp.ancimicamteo.com\/index.php?rest_route=\/wp\/v2\/pages\/838\/revisions\/994"}],"wp:attachment":[{"href":"https:\/\/vp.ancimicamteo.com\/index.php?rest_route=%2Fwp%2Fv2%2Fmedia&parent=838"}],"curies":[{"name":"wp","href":"https:\/\/api.w.org\/{rel}","templated":true}]}}