{"id":830,"date":"2023-02-20T10:37:45","date_gmt":"2023-02-20T08:37:45","guid":{"rendered":"https:\/\/vp.ancimicamteo.com\/?page_id=830"},"modified":"2024-03-09T11:35:54","modified_gmt":"2024-03-09T08:35:54","slug":"webinar-contabilitatea-descifrata","status":"publish","type":"page","link":"https:\/\/vp.ancimicamteo.com\/?page_id=830","title":{"rendered":"WEBINAR &#8211; Contabilitatea descifrat\u0103"},"content":{"rendered":"<table width=\"100%\" cellspacing=\"0\" cellpadding=\"0\">\n<tbody>\n<tr>\n<td width=\"50%\"><span style=\"color: #0000ff;\"><strong>6 secrete care stau la baza contabilit\u0103\u021bii.<\/strong><\/span><\/p>\n<p><strong><span style=\"color: #0000ff;\">Cum s\u0103 \u00eenve\u021bi s\u0103 \u021bii o eviden\u021b\u0103 contabil\u0103 de la A la Z \u00een SAGA C.<\/span><\/strong><\/p>\n<p>Webinarul are loc:<\/p>\n<p>Miercuri<strong>, 27 martie<\/strong><br \/>\nOra <strong>20.00<\/strong><br \/>\nDurata: <strong>80 minute<\/strong><\/td>\n<td width=\"50%\">\n<div class=\"wpcf7 no-js\" id=\"wpcf7-f648-o1\" lang=\"en-US\" dir=\"ltr\">\n<div class=\"screen-reader-response\"><p role=\"status\" aria-live=\"polite\" aria-atomic=\"true\"><\/p> <ul><\/ul><\/div>\n<form action=\"\/index.php?rest_route=%2Fwp%2Fv2%2Fpages%2F830#wpcf7-f648-o1\" method=\"post\" class=\"wpcf7-form init\" aria-label=\"Contact form\" novalidate=\"novalidate\" data-status=\"init\">\n<div style=\"display: none;\">\n<input type=\"hidden\" name=\"_wpcf7\" value=\"648\" \/>\n<input type=\"hidden\" name=\"_wpcf7_version\" value=\"5.9.3\" \/>\n<input type=\"hidden\" name=\"_wpcf7_locale\" value=\"en_US\" \/>\n<input type=\"hidden\" name=\"_wpcf7_unit_tag\" value=\"wpcf7-f648-o1\" \/>\n<input type=\"hidden\" name=\"_wpcf7_container_post\" value=\"0\" \/>\n<input type=\"hidden\" name=\"_wpcf7_posted_data_hash\" value=\"\" \/>\n<input type=\"hidden\" name=\"_uacf7_hidden_conditional_fields\" value=\"\" \/>\n<\/div>\n<div class=\"uacf7-form-648\"><label> Numele t\u0103u\n    <span class=\"wpcf7-form-control-wrap\" data-name=\"your-name\"><input size=\"40\" class=\"wpcf7-form-control wpcf7-text wpcf7-validates-as-required\" autocomplete=\"name\" aria-required=\"true\" aria-invalid=\"false\" value=\"\" type=\"text\" name=\"your-name\" \/><\/span> <\/label>\n\n<label> Adresa ta de email\n    <span class=\"wpcf7-form-control-wrap\" data-name=\"your-email\"><input size=\"40\" class=\"wpcf7-form-control wpcf7-email wpcf7-validates-as-required wpcf7-text wpcf7-validates-as-email\" autocomplete=\"email\" aria-required=\"true\" aria-invalid=\"false\" value=\"\" type=\"email\" name=\"your-email\" \/><\/span> <\/label>\n\n<input class=\"wpcf7-form-control wpcf7-submit has-spinner\" type=\"submit\" value=\"Trimite\" \/><\/div><div class=\"wpcf7-response-output\" aria-hidden=\"true\"><\/div>\n<\/form>\n<\/div>\n<\/td>\n<\/tr>\n<tr>\n<td colspan=\"2\">\n<h2>Ce vei afla din acest super webinar?<\/h2>\n<ul>\n<li>Oportunitatea prin care po\u0163i s\u0103 \u00eenve\u0163i cum s\u0103 \u021bii o eviden\u021b\u0103 contabil\u0103<\/li>\n<li>Afli cum s\u0103 conduci mai eficient propria ta afacere<\/li>\n<li>Vei afla 6 secrete care stau la baza contabilit\u0103\u021bii<\/li>\n<li>Descoper\u0103 \u015fi elimin\u0103 obstacolele psihologice care te-au \u0163inut pe loc p\u00e2n\u0103 acum s\u0103 cite\u015fti \u015fi s\u0103 interpretezi balan\u021ba de verificare<\/li>\n<\/ul>\n<\/td>\n<\/tr>\n<tr>\n<td colspan=\"2\">\n<h2>Cine este Vasile Popescu?<\/h2>\n<h4>Autor, Editor, Antreprenor<\/h4>\n<p>Am \u00eencercat multe modele de business p\u00e2n\u0103 am ajuns s\u0103 fac ceea ce lucrez \u00een prezent. Printre ele se num\u0103r\u0103: scrierea \u015fi editarea de c\u0103r\u0163i, scrierea \u015fi realizarea de aplica\u0163ii de contabilitate, blogging, crearea primei biblioteci digitale.<\/p>\n<p>Momentul \u00een care am trecut la un alt nivel \u00een via\u0163a mea a fost \u00een 2011 c\u00e2nd am deschis blogul <a href=\"https:\/\/conferinteindirect.wordpress.com\/\" target=\"_blank\" rel=\"noopener\"><em>Conferin\u0163e \u00een direct<\/em><\/a>. Am \u00eenceput cu prezentarea unor produse de video comunicare, am \u0163inut cursuri online \u015fi apoi m-am dedicat public\u0103rii de articole despre contabilitate.<\/p>\n<p>Am scris <strong>peste 1.000 de articole<\/strong> pe blogurile pe care le administrez.<\/p>\n<p>Mai bine de <strong>15 ani de experien\u021b\u0103<\/strong> \u00een \u021binerea eviden\u021bei contabile la mai multe firme<\/p>\n<p><strong>7 c\u0103r\u0163i tip\u0103rite<\/strong>, 1 carte audio<\/p>\n<p><strong>5 programe<\/strong>: salarii (1996), facturier-chitantier (1997, 2007), contabilitate (1998-1999), bibliotecar (2007)<\/p>\n<p><strong>15<\/strong> cursuri online.<\/td>\n<\/tr>\n<\/tbody>\n<\/table>\n","protected":false},"excerpt":{"rendered":"<p>6 secrete care stau la baza contabilit\u0103\u021bii. Cum s\u0103 \u00eenve\u021bi s\u0103 \u021bii o eviden\u021b\u0103 contabil\u0103 de la A la Z \u00een SAGA C. Webinarul are loc: Miercuri, 27 martie Ora 20.00 Durata: 80 minute Ce vei afla din acest super webinar? Oportunitatea prin care po\u0163i &hellip; <\/p>\n","protected":false},"author":1,"featured_media":0,"parent":0,"menu_order":0,"comment_status":"closed","ping_status":"closed","template":"","meta":{"_coblocks_attr":"","_coblocks_dimensions":"","_coblocks_responsive_height":"","_coblocks_accordion_ie_support":"","_uag_custom_page_level_css":"","footnotes":""},"class_list":["post-830","page","type-page","status-publish","hentry"],"uagb_featured_image_src":{"full":false,"thumbnail":false,"medium":false,"medium_large":false,"large":false,"1536x1536":false,"2048x2048":false,"book-landing-page-with-sidebar":false,"book-landing-page-without-sidebar":false,"book-landing-page-featured-post":false,"book-landing-page-recent-post":false,"book-landing-page-banner-image":false,"book-landing-page-about-block":false,"book-landing-page-review-block":false},"uagb_author_info":{"display_name":"sinfo","author_link":"https:\/\/vp.ancimicamteo.com\/?author=1"},"uagb_comment_info":0,"uagb_excerpt":"6 secrete care stau la baza contabilit\u0103\u021bii. Cum s\u0103 \u00eenve\u021bi s\u0103 \u021bii o eviden\u021b\u0103 contabil\u0103 de la A la Z \u00een SAGA C. Webinarul are loc: Miercuri, 27 martie Ora 20.00 Durata: 80 minute Ce vei afla din acest super webinar? Oportunitatea prin care po\u0163i &hellip;","_links":{"self":[{"href":"https:\/\/vp.ancimicamteo.com\/index.php?rest_route=\/wp\/v2\/pages\/830","targetHints":{"allow":["GET"]}}],"collection":[{"href":"https:\/\/vp.ancimicamteo.com\/index.php?rest_route=\/wp\/v2\/pages"}],"about":[{"href":"https:\/\/vp.ancimicamteo.com\/index.php?rest_route=\/wp\/v2\/types\/page"}],"author":[{"embeddable":true,"href":"https:\/\/vp.ancimicamteo.com\/index.php?rest_route=\/wp\/v2\/users\/1"}],"replies":[{"embeddable":true,"href":"https:\/\/vp.ancimicamteo.com\/index.php?rest_route=%2Fwp%2Fv2%2Fcomments&post=830"}],"version-history":[{"count":4,"href":"https:\/\/vp.ancimicamteo.com\/index.php?rest_route=\/wp\/v2\/pages\/830\/revisions"}],"predecessor-version":[{"id":997,"href":"https:\/\/vp.ancimicamteo.com\/index.php?rest_route=\/wp\/v2\/pages\/830\/revisions\/997"}],"wp:attachment":[{"href":"https:\/\/vp.ancimicamteo.com\/index.php?rest_route=%2Fwp%2Fv2%2Fmedia&parent=830"}],"curies":[{"name":"wp","href":"https:\/\/api.w.org\/{rel}","templated":true}]}}