{"id":824,"date":"2023-02-20T09:58:23","date_gmt":"2023-02-20T07:58:23","guid":{"rendered":"https:\/\/vp.ancimicamteo.com\/?page_id=824"},"modified":"2023-02-20T11:09:45","modified_gmt":"2023-02-20T09:09:45","slug":"webinar-bilantul-contabil","status":"publish","type":"page","link":"https:\/\/vp.ancimicamteo.com\/?page_id=824","title":{"rendered":"WEBINAR &#8211; Bilan\u021bul contabil"},"content":{"rendered":"<table width=\"100%\" cellspacing=\"0\" cellpadding=\"0\">\n<tbody>\n<tr>\n<td width=\"50%\"><span style=\"color: #0000ff;\"><strong>Cum s\u0103 completezi, cum s\u0103 corectezi \u0219i s\u0103 validezi bilan\u021bul contabil, economisind timp.<\/strong><\/span><\/p>\n<p>Webinarul are loc:<\/p>\n<p>Miercuri<strong>, 15 martie<\/strong><br \/>\nOra <strong>19.00<\/strong><br \/>\nDurata: <strong>80 minute<\/strong><\/td>\n<td width=\"50%\">\n<div class=\"wpcf7 no-js\" id=\"wpcf7-f659-o1\" lang=\"en-US\" dir=\"ltr\">\n<div class=\"screen-reader-response\"><p role=\"status\" aria-live=\"polite\" aria-atomic=\"true\"><\/p> <ul><\/ul><\/div>\n<form action=\"\/index.php?rest_route=%2Fwp%2Fv2%2Fpages%2F824#wpcf7-f659-o1\" method=\"post\" class=\"wpcf7-form init\" aria-label=\"Contact form\" novalidate=\"novalidate\" data-status=\"init\">\n<div style=\"display: none;\">\n<input type=\"hidden\" name=\"_wpcf7\" value=\"659\" \/>\n<input type=\"hidden\" name=\"_wpcf7_version\" value=\"5.9.3\" \/>\n<input type=\"hidden\" name=\"_wpcf7_locale\" value=\"en_US\" \/>\n<input type=\"hidden\" name=\"_wpcf7_unit_tag\" value=\"wpcf7-f659-o1\" \/>\n<input type=\"hidden\" name=\"_wpcf7_container_post\" value=\"0\" \/>\n<input type=\"hidden\" name=\"_wpcf7_posted_data_hash\" value=\"\" \/>\n<input type=\"hidden\" name=\"_uacf7_hidden_conditional_fields\" value=\"\" \/>\n<\/div>\n<div class=\"uacf7-form-659\"><label> Numele t\u0103u\n    <span class=\"wpcf7-form-control-wrap\" data-name=\"your-name\"><input size=\"40\" class=\"wpcf7-form-control wpcf7-text wpcf7-validates-as-required\" autocomplete=\"name\" aria-required=\"true\" aria-invalid=\"false\" value=\"\" type=\"text\" name=\"your-name\" \/><\/span> <\/label>\n\n<label> Adresa ta de email\n    <span class=\"wpcf7-form-control-wrap\" data-name=\"your-email\"><input size=\"40\" class=\"wpcf7-form-control wpcf7-email wpcf7-validates-as-required wpcf7-text wpcf7-validates-as-email\" autocomplete=\"email\" aria-required=\"true\" aria-invalid=\"false\" value=\"\" type=\"email\" name=\"your-email\" \/><\/span> <\/label>\n\n<input class=\"wpcf7-form-control wpcf7-submit has-spinner\" type=\"submit\" value=\"Trimite\" \/><\/div><div class=\"wpcf7-response-output\" aria-hidden=\"true\"><\/div>\n<\/form>\n<\/div>\n<\/td>\n<\/tr>\n<tr>\n<td colspan=\"2\">\n<h2>Ce vei afla din acest super webinar?<\/h2>\n<ul>\n<li>Oportunitatea prin care po\u0163i s\u0103 \u00eenve\u0163i cum s\u0103 completezi singur <em>bilan\u021bul contabil<\/em><\/li>\n<li>Cum s\u0103 copiezi datele din <em>balan\u021ba de verificare<\/em><\/li>\n<li>Cum s\u0103 preiei sumele \u00een formularele 10 \u0219i 20 \u0219i cum s\u0103 completezi manual formularele 30 \u0219i 40<\/li>\n<li>Cum s\u0103 elimini obstacolele psihologice care te-au \u0163inut pe loc p\u00e2n\u0103 acum s\u0103 completezi bilan\u021bul contabil<\/li>\n<li>Cum s\u0103 corectezi erorile la preluarea datelor sau datorate unor \u00eenregistr\u0103ri gre\u0219ite<\/li>\n<li>Cum s\u0103 validezi formularul \u0219i cum s\u0103 \u00eencarci arhiva zip<\/li>\n<\/ul>\n<\/td>\n<\/tr>\n<tr>\n<td colspan=\"2\">\n<h2>Cine este Vasile Popescu?<\/h2>\n<h4>Autor, Editor, Antreprenor<\/h4>\n<p>Am \u00eencercat multe modele de business p\u00e2n\u0103 am ajuns s\u0103 fac ceea ce lucrez \u00een prezent. Printre ele se num\u0103r\u0103: scrierea \u015fi editarea de c\u0103r\u0163i, scrierea \u015fi realizarea de aplica\u0163ii de contabilitate, blogging, crearea primei biblioteci digitale.<\/p>\n<p>Momentul \u00een care am trecut la un alt nivel \u00een via\u0163a mea a fost \u00een 2011 c\u00e2nd am deschis blogul <a href=\"https:\/\/conferinteindirect.wordpress.com\/\" target=\"_blank\" rel=\"noopener\"><em>Conferin\u0163e \u00een direct<\/em><\/a>. Am \u00eenceput cu prezentarea unor produse de video comunicare, am \u0163inut cursuri online \u015fi apoi m-am dedicat public\u0103rii de articole despre contabilitate.<\/p>\n<p>Am scris <strong>peste 1.000 de articole<\/strong> pe blogurile pe care le administrez.<\/p>\n<p>Mai bine de <strong>15 ani de experien\u021b\u0103<\/strong> \u00een \u021binerea eviden\u021bei contabile la mai multe firme<\/p>\n<p><strong>7 c\u0103r\u0163i tip\u0103rite<\/strong>, 1 carte audio, digitalizarea a peste 250 c\u0103r\u0163i din biblioteca personal\u0103<\/p>\n<p>11 cursuri online.<\/td>\n<\/tr>\n<\/tbody>\n<\/table>\n","protected":false},"excerpt":{"rendered":"<p>Cum s\u0103 completezi, cum s\u0103 corectezi \u0219i s\u0103 validezi bilan\u021bul contabil, economisind timp. Webinarul are loc: Miercuri, 15 martie Ora 19.00 Durata: 80 minute Ce vei afla din acest super webinar? Oportunitatea prin care po\u0163i s\u0103 \u00eenve\u0163i cum s\u0103 completezi singur bilan\u021bul contabil Cum s\u0103 &hellip; <\/p>\n","protected":false},"author":1,"featured_media":0,"parent":0,"menu_order":0,"comment_status":"closed","ping_status":"closed","template":"","meta":{"_coblocks_attr":"","_coblocks_dimensions":"","_coblocks_responsive_height":"","_coblocks_accordion_ie_support":"","_uag_custom_page_level_css":"","footnotes":""},"class_list":["post-824","page","type-page","status-publish","hentry"],"uagb_featured_image_src":{"full":false,"thumbnail":false,"medium":false,"medium_large":false,"large":false,"1536x1536":false,"2048x2048":false,"book-landing-page-with-sidebar":false,"book-landing-page-without-sidebar":false,"book-landing-page-featured-post":false,"book-landing-page-recent-post":false,"book-landing-page-banner-image":false,"book-landing-page-about-block":false,"book-landing-page-review-block":false},"uagb_author_info":{"display_name":"sinfo","author_link":"https:\/\/vp.ancimicamteo.com\/?author=1"},"uagb_comment_info":0,"uagb_excerpt":"Cum s\u0103 completezi, cum s\u0103 corectezi \u0219i s\u0103 validezi bilan\u021bul contabil, economisind timp. Webinarul are loc: Miercuri, 15 martie Ora 19.00 Durata: 80 minute Ce vei afla din acest super webinar? Oportunitatea prin care po\u0163i s\u0103 \u00eenve\u0163i cum s\u0103 completezi singur bilan\u021bul contabil Cum s\u0103 &hellip;","_links":{"self":[{"href":"https:\/\/vp.ancimicamteo.com\/index.php?rest_route=\/wp\/v2\/pages\/824","targetHints":{"allow":["GET"]}}],"collection":[{"href":"https:\/\/vp.ancimicamteo.com\/index.php?rest_route=\/wp\/v2\/pages"}],"about":[{"href":"https:\/\/vp.ancimicamteo.com\/index.php?rest_route=\/wp\/v2\/types\/page"}],"author":[{"embeddable":true,"href":"https:\/\/vp.ancimicamteo.com\/index.php?rest_route=\/wp\/v2\/users\/1"}],"replies":[{"embeddable":true,"href":"https:\/\/vp.ancimicamteo.com\/index.php?rest_route=%2Fwp%2Fv2%2Fcomments&post=824"}],"version-history":[{"count":4,"href":"https:\/\/vp.ancimicamteo.com\/index.php?rest_route=\/wp\/v2\/pages\/824\/revisions"}],"predecessor-version":[{"id":835,"href":"https:\/\/vp.ancimicamteo.com\/index.php?rest_route=\/wp\/v2\/pages\/824\/revisions\/835"}],"wp:attachment":[{"href":"https:\/\/vp.ancimicamteo.com\/index.php?rest_route=%2Fwp%2Fv2%2Fmedia&parent=824"}],"curies":[{"name":"wp","href":"https:\/\/api.w.org\/{rel}","templated":true}]}}