{"id":800,"date":"2023-02-18T22:34:02","date_gmt":"2023-02-18T20:34:02","guid":{"rendered":"https:\/\/vp.ancimicamteo.com\/?page_id=800"},"modified":"2023-02-18T22:45:31","modified_gmt":"2023-02-18T20:45:31","slug":"800-2","status":"publish","type":"page","link":"https:\/\/vp.ancimicamteo.com\/?page_id=800","title":{"rendered":"Mentenan\u021b\u0103"},"content":{"rendered":"<p>&nbsp;<\/p>\n<h3 style=\"text-align: center;\">Ne cerem scuze!<\/h3>\n<h3 style=\"text-align: center;\">Acest site este \u00een \u00eentre\u021binere\u00a0 pentru c\u00e2teva zile.<\/h3>\n<h3 style=\"text-align: center;\">V\u0103 rug\u0103m reveni\u021bi!<\/h3>\n<h3 style=\"text-align: center;\"><span style=\"color: #ff0000;\"><a style=\"color: #ff0000;\" href=\"https:\/\/vp.ancimicamteo.com\/?page_id=96\" target=\"_blank\" rel=\"noopener\">Formular de comand\u0103<\/a><\/span><\/h3>\n<h3 style=\"text-align: center;\">pentru cursul de contabilitate<\/h3>\n<h3 style=\"text-align: center;\"><span style=\"color: #000080;\"><em>\u201e\u00cenva\u021b\u0103 contabilitate cu SAGA C, \u00een 24 de pa\u0219i\u201d<\/em><\/span><\/h3>\n<p>&nbsp;<\/p>\n","protected":false},"excerpt":{"rendered":"<p>&nbsp; Ne cerem scuze! Acest site este \u00een \u00eentre\u021binere\u00a0 pentru c\u00e2teva zile. V\u0103 rug\u0103m reveni\u021bi! Formular de comand\u0103 pentru cursul de contabilitate \u201e\u00cenva\u021b\u0103 contabilitate cu SAGA C, \u00een 24 de pa\u0219i\u201d &nbsp;<\/p>\n","protected":false},"author":1,"featured_media":0,"parent":0,"menu_order":0,"comment_status":"closed","ping_status":"closed","template":"","meta":{"_coblocks_attr":"","_coblocks_dimensions":"","_coblocks_responsive_height":"","_coblocks_accordion_ie_support":"","_uag_custom_page_level_css":"","footnotes":""},"class_list":["post-800","page","type-page","status-publish","hentry"],"uagb_featured_image_src":{"full":false,"thumbnail":false,"medium":false,"medium_large":false,"large":false,"1536x1536":false,"2048x2048":false,"book-landing-page-with-sidebar":false,"book-landing-page-without-sidebar":false,"book-landing-page-featured-post":false,"book-landing-page-recent-post":false,"book-landing-page-banner-image":false,"book-landing-page-about-block":false,"book-landing-page-review-block":false},"uagb_author_info":{"display_name":"sinfo","author_link":"https:\/\/vp.ancimicamteo.com\/?author=1"},"uagb_comment_info":0,"uagb_excerpt":"&nbsp; Ne cerem scuze! Acest site este \u00een \u00eentre\u021binere\u00a0 pentru c\u00e2teva zile. V\u0103 rug\u0103m reveni\u021bi! Formular de comand\u0103 pentru cursul de contabilitate \u201e\u00cenva\u021b\u0103 contabilitate cu SAGA C, \u00een 24 de pa\u0219i\u201d &nbsp;","_links":{"self":[{"href":"https:\/\/vp.ancimicamteo.com\/index.php?rest_route=\/wp\/v2\/pages\/800","targetHints":{"allow":["GET"]}}],"collection":[{"href":"https:\/\/vp.ancimicamteo.com\/index.php?rest_route=\/wp\/v2\/pages"}],"about":[{"href":"https:\/\/vp.ancimicamteo.com\/index.php?rest_route=\/wp\/v2\/types\/page"}],"author":[{"embeddable":true,"href":"https:\/\/vp.ancimicamteo.com\/index.php?rest_route=\/wp\/v2\/users\/1"}],"replies":[{"embeddable":true,"href":"https:\/\/vp.ancimicamteo.com\/index.php?rest_route=%2Fwp%2Fv2%2Fcomments&post=800"}],"version-history":[{"count":6,"href":"https:\/\/vp.ancimicamteo.com\/index.php?rest_route=\/wp\/v2\/pages\/800\/revisions"}],"predecessor-version":[{"id":805,"href":"https:\/\/vp.ancimicamteo.com\/index.php?rest_route=\/wp\/v2\/pages\/800\/revisions\/805"}],"wp:attachment":[{"href":"https:\/\/vp.ancimicamteo.com\/index.php?rest_route=%2Fwp%2Fv2%2Fmedia&parent=800"}],"curies":[{"name":"wp","href":"https:\/\/api.w.org\/{rel}","templated":true}]}}